{"id":112,"date":"2025-01-13T15:15:18","date_gmt":"2025-01-13T15:15:18","guid":{"rendered":"https:\/\/www.msutil.com\/?page_id=112"},"modified":"2025-08-04T12:54:41","modified_gmt":"2025-08-04T12:54:41","slug":"comercial-licitaciones","status":"publish","type":"page","link":"https:\/\/www.msutil.com\/index.php\/comercial-licitaciones\/","title":{"rendered":""},"content":{"rendered":"\t\t<div data-elementor-type=\"wp-page\" data-elementor-id=\"112\" class=\"elementor elementor-112\">\n\t\t\t\t<div class=\"elementor-element elementor-element-60ddbe8 e-flex e-con-boxed e-con e-parent\" data-id=\"60ddbe8\" data-element_type=\"container\">\n\t\t\t\t\t<div class=\"e-con-inner\">\n\t\t<div class=\"elementor-element elementor-element-d2cd6d3 e-con-full e-flex e-con e-child\" data-id=\"d2cd6d3\" data-element_type=\"container\">\n\t\t\t\t<div class=\"elementor-element elementor-element-b26be16 elementor-widget elementor-widget-image\" data-id=\"b26be16\" data-element_type=\"widget\" data-widget_type=\"image.default\">\n\t\t\t\t<div class=\"elementor-widget-container\">\n\t\t\t\t\t\t\t\t\t\t\t\t\t\t\t<img fetchpriority=\"high\" decoding=\"async\" width=\"800\" height=\"800\" src=\"https:\/\/www.msutil.com\/wp-content\/uploads\/2025\/06\/A_flat-style_digital_illustration_serves_as_an_ico_transparent.png\" class=\"attachment-large size-large wp-image-158\" alt=\"\" srcset=\"https:\/\/www.msutil.com\/wp-content\/uploads\/2025\/06\/A_flat-style_digital_illustration_serves_as_an_ico_transparent.png 1024w, https:\/\/www.msutil.com\/wp-content\/uploads\/2025\/06\/A_flat-style_digital_illustration_serves_as_an_ico_transparent-300x300.png 300w, https:\/\/www.msutil.com\/wp-content\/uploads\/2025\/06\/A_flat-style_digital_illustration_serves_as_an_ico_transparent-150x150.png 150w, https:\/\/www.msutil.com\/wp-content\/uploads\/2025\/06\/A_flat-style_digital_illustration_serves_as_an_ico_transparent-768x768.png 768w\" sizes=\"(max-width: 800px) 100vw, 800px\" \/>\t\t\t\t\t\t\t\t\t\t\t\t\t\t\t<\/div>\n\t\t\t\t<\/div>\n\t\t\t\t<\/div>\n\t\t<div class=\"elementor-element elementor-element-2ef572d e-con-full e-flex e-con e-child\" data-id=\"2ef572d\" data-element_type=\"container\">\n\t\t\t\t<\/div>\n\t\t\t\t\t<\/div>\n\t\t\t\t<\/div>\n\t\t<div class=\"elementor-element elementor-element-8960bb1 e-flex e-con-boxed e-con e-parent\" data-id=\"8960bb1\" data-element_type=\"container\">\n\t\t\t\t\t<div class=\"e-con-inner\">\n\t\t<div class=\"elementor-element elementor-element-7ca5232 e-con-full e-flex e-con e-child\" data-id=\"7ca5232\" data-element_type=\"container\">\n\t\t\t\t<div class=\"elementor-element elementor-element-3449aab elementor-widget__width-initial elementor-absolute elementor-widget elementor-widget-image\" data-id=\"3449aab\" data-element_type=\"widget\" data-settings=\"{&quot;_position&quot;:&quot;absolute&quot;}\" data-widget_type=\"image.default\">\n\t\t\t\t<div class=\"elementor-widget-container\">\n\t\t\t\t\t\t\t\t\t\t\t\t\t\t\t<img decoding=\"async\" width=\"1024\" height=\"1024\" src=\"https:\/\/www.msutil.com\/wp-content\/uploads\/2025\/08\/exp.png\" class=\"attachment-full size-full wp-image-229\" alt=\"\" srcset=\"https:\/\/www.msutil.com\/wp-content\/uploads\/2025\/08\/exp.png 1024w, https:\/\/www.msutil.com\/wp-content\/uploads\/2025\/08\/exp-300x300.png 300w, https:\/\/www.msutil.com\/wp-content\/uploads\/2025\/08\/exp-150x150.png 150w, https:\/\/www.msutil.com\/wp-content\/uploads\/2025\/08\/exp-768x768.png 768w\" sizes=\"(max-width: 1024px) 100vw, 1024px\" \/>\t\t\t\t\t\t\t\t\t\t\t\t\t\t\t<\/div>\n\t\t\t\t<\/div>\n\t\t\t\t<\/div>\n\t\t<div class=\"elementor-element elementor-element-299e41b e-con-full e-flex e-con e-child\" data-id=\"299e41b\" data-element_type=\"container\">\n\t\t\t\t<div class=\"elementor-element elementor-element-17e37ce elementor-widget__width-initial elementor-absolute elementor-widget elementor-widget-image\" data-id=\"17e37ce\" data-element_type=\"widget\" data-settings=\"{&quot;_position&quot;:&quot;absolute&quot;}\" data-widget_type=\"image.default\">\n\t\t\t\t<div class=\"elementor-widget-container\">\n\t\t\t\t\t\t\t\t\t\t\t\t\t\t\t<img decoding=\"async\" width=\"1024\" height=\"1024\" src=\"https:\/\/www.msutil.com\/wp-content\/uploads\/2025\/08\/lic.png\" class=\"attachment-full size-full wp-image-231\" alt=\"\" srcset=\"https:\/\/www.msutil.com\/wp-content\/uploads\/2025\/08\/lic.png 1024w, https:\/\/www.msutil.com\/wp-content\/uploads\/2025\/08\/lic-300x300.png 300w, https:\/\/www.msutil.com\/wp-content\/uploads\/2025\/08\/lic-150x150.png 150w, https:\/\/www.msutil.com\/wp-content\/uploads\/2025\/08\/lic-768x768.png 768w\" sizes=\"(max-width: 1024px) 100vw, 1024px\" \/>\t\t\t\t\t\t\t\t\t\t\t\t\t\t\t<\/div>\n\t\t\t\t<\/div>\n\t\t\t\t<\/div>\n\t\t\t\t\t<\/div>\n\t\t\t\t<\/div>\n\t\t<div class=\"elementor-element elementor-element-54f607c e-flex e-con-boxed e-con e-parent\" data-id=\"54f607c\" data-element_type=\"container\">\n\t\t\t\t\t<div class=\"e-con-inner\">\n\t\t\t\t\t<\/div>\n\t\t\t\t<\/div>\n\t\t<div class=\"elementor-element elementor-element-86ca43e e-flex e-con-boxed e-con e-parent\" data-id=\"86ca43e\" data-element_type=\"container\">\n\t\t\t\t\t<div class=\"e-con-inner\">\n\t\t<div class=\"elementor-element elementor-element-036f0a0 e-con-full e-flex e-con e-child\" data-id=\"036f0a0\" data-element_type=\"container\">\n\t\t\t\t<div class=\"elementor-element elementor-element-7d41476 elementor-widget elementor-widget-text-editor\" data-id=\"7d41476\" data-element_type=\"widget\" data-widget_type=\"text-editor.default\">\n\t\t\t\t<div class=\"elementor-widget-container\">\n\t\t\t\t\t\t\t\t\t<p data-start=\"119\" data-end=\"459\"><span data-start=\"126\" data-end=\"199\">Tengo experiencia<\/span><strong data-start=\"126\" data-end=\"199\">\u00a0en procesos de licitaci\u00f3n para la Administraci\u00f3n P\u00fablica<\/strong> con m\u00e1s de 4<strong data-start=\"211\" data-end=\"236\">\u00a0a\u00f1os de experiencia<\/strong> gestionando proyectos de suministro de equipos inform\u00e1ticos, tecnol\u00f3gicos y soluciones audiovisuales para organismos de gran relevancia como el <strong data-start=\"381\" data-end=\"406\">Ministerio de Defensa<\/strong>, <b>educaci\u00f3n<\/b>,\u00a0<strong data-start=\"408\" data-end=\"433\">gobiernos auton\u00f3micos<\/strong> y diversas consejer\u00edas.<\/p><p data-start=\"461\" data-end=\"780\">A lo largo de mi trayectoria, he participado activamente en <strong data-start=\"521\" data-end=\"558\">acuerdos marco (AM02, AM10, AM12)<\/strong> y he liderado la preparaci\u00f3n de ofertas ganadoras para contratos de gran volumen, alcanzando adjudicaciones superiores a <strong data-start=\"680\" data-end=\"703\">3 millones de euros<\/strong> en proyectos de provisi\u00f3n de ordenadores, tablets y sistemas tecnol\u00f3gicos.<\/p><p data-start=\"782\" data-end=\"1069\">Mi experiencia abarca todo el <strong data-start=\"812\" data-end=\"846\">ciclo completo de licitaciones<\/strong>: an\u00e1lisis de pliegos, b\u00fasqueda de productos, preparaci\u00f3n de documentaci\u00f3n, gesti\u00f3n de proyectos, control de costes, supervisi\u00f3n de entregas y cierre de contratos, asegurando siempre el cumplimiento de plazos y objetivos.<\/p><p data-start=\"1071\" data-end=\"1368\">Adem\u00e1s, cuento con formaci\u00f3n s\u00f3lida en <strong data-start=\"1110\" data-end=\"1148\">sistemas microinform\u00e1ticos y redes<\/strong><strong data-start=\"1162\" data-end=\"1229\">, atenci\u00f3n al cliente e inteligencia emocional<\/strong>, lo que me permite combinar habilidades t\u00e9cnicas y estrat\u00e9gicas para ofrecer soluciones tecnol\u00f3gicas eficientes y orientadas al cliente.<\/p><p data-start=\"1370\" data-end=\"1599\">Mi objetivo es aportar mi experiencia y capacidad de gesti\u00f3n a empresas que busquen <strong data-start=\"1454\" data-end=\"1521\">incrementar sus oportunidades de \u00e9xito en licitaciones p\u00fablicas<\/strong>, optimizando procesos y asegurando la m\u00e1xima rentabilidad en cada proyecto.<\/p>\t\t\t\t\t\t\t\t<\/div>\n\t\t\t\t<\/div>\n\t\t\t\t<\/div>\n\t\t<div class=\"elementor-element elementor-element-cae657b e-con-full e-flex e-con e-child\" data-id=\"cae657b\" data-element_type=\"container\">\n\t\t\t\t<div class=\"elementor-element elementor-element-9ddf829 elementor-widget__width-initial elementor-widget elementor-widget-image\" data-id=\"9ddf829\" data-element_type=\"widget\" data-widget_type=\"image.default\">\n\t\t\t\t<div class=\"elementor-widget-container\">\n\t\t\t\t\t\t\t\t\t\t\t\t\t\t\t<img loading=\"lazy\" decoding=\"async\" width=\"681\" height=\"363\" src=\"https:\/\/www.msutil.com\/wp-content\/uploads\/2025\/06\/Captura.jpg\" class=\"attachment-large size-large wp-image-202\" alt=\"\" srcset=\"https:\/\/www.msutil.com\/wp-content\/uploads\/2025\/06\/Captura.jpg 681w, https:\/\/www.msutil.com\/wp-content\/uploads\/2025\/06\/Captura-300x160.jpg 300w\" sizes=\"(max-width: 681px) 100vw, 681px\" \/>\t\t\t\t\t\t\t\t\t\t\t\t\t\t\t<\/div>\n\t\t\t\t<\/div>\n\t\t\t\t<\/div>\n\t\t\t\t\t<\/div>\n\t\t\t\t<\/div>\n\t\t<div class=\"elementor-element elementor-element-63e59c6 e-flex e-con-boxed e-con e-parent\" data-id=\"63e59c6\" data-element_type=\"container\">\n\t\t\t\t\t<div class=\"e-con-inner\">\n\t\t<div class=\"elementor-element elementor-element-20fac74 e-con-full e-flex e-con e-child\" data-id=\"20fac74\" data-element_type=\"container\">\n\t\t\t\t<div class=\"elementor-element elementor-element-224d451 elementor-widget__width-initial elementor-absolute elementor-widget elementor-widget-image\" data-id=\"224d451\" data-element_type=\"widget\" data-settings=\"{&quot;_position&quot;:&quot;absolute&quot;}\" data-widget_type=\"image.default\">\n\t\t\t\t<div class=\"elementor-widget-container\">\n\t\t\t\t\t\t\t\t\t\t\t\t\t\t\t<img loading=\"lazy\" decoding=\"async\" width=\"1024\" height=\"1024\" src=\"https:\/\/www.msutil.com\/wp-content\/uploads\/2025\/08\/serv.png\" class=\"attachment-full size-full wp-image-230\" alt=\"\" srcset=\"https:\/\/www.msutil.com\/wp-content\/uploads\/2025\/08\/serv.png 1024w, https:\/\/www.msutil.com\/wp-content\/uploads\/2025\/08\/serv-300x300.png 300w, https:\/\/www.msutil.com\/wp-content\/uploads\/2025\/08\/serv-150x150.png 150w, https:\/\/www.msutil.com\/wp-content\/uploads\/2025\/08\/serv-768x768.png 768w\" sizes=\"(max-width: 1024px) 100vw, 1024px\" \/>\t\t\t\t\t\t\t\t\t\t\t\t\t\t\t<\/div>\n\t\t\t\t<\/div>\n\t\t\t\t<\/div>\n\t\t<div class=\"elementor-element elementor-element-4ef4be1 e-con-full e-flex e-con e-child\" data-id=\"4ef4be1\" data-element_type=\"container\">\n\t\t\t\t<\/div>\n\t\t<div class=\"elementor-element elementor-element-4434165 e-con-full e-flex e-con e-child\" data-id=\"4434165\" data-element_type=\"container\">\n\t\t\t\t<div class=\"elementor-element elementor-element-54d2871 elementor-widget elementor-widget-text-editor\" data-id=\"54d2871\" data-element_type=\"widget\" data-widget_type=\"text-editor.default\">\n\t\t\t\t<div class=\"elementor-widget-container\">\n\t\t\t\t\t\t\t\t\t<ul><li>Preparaci\u00f3n y presentaci\u00f3n de ofertas.<\/li><li>An\u00e1lisis de pliegos y requisitos t\u00e9cnicos.<\/li><li>Seguimiento de contratos y cumplimiento de plazos.<\/li><li>Consultor\u00eda en plataformas de contrataci\u00f3n del Estado<\/li><\/ul>\t\t\t\t\t\t\t\t<\/div>\n\t\t\t\t<\/div>\n\t\t\t\t<\/div>\n\t\t<div class=\"elementor-element elementor-element-7acbbce e-con-full e-flex e-con e-child\" data-id=\"7acbbce\" data-element_type=\"container\">\n\t\t\t\t<\/div>\n\t\t\t\t\t<\/div>\n\t\t\t\t<\/div>\n\t\t<div class=\"elementor-element elementor-element-8f0d554 e-flex e-con-boxed e-con e-parent\" data-id=\"8f0d554\" data-element_type=\"container\">\n\t\t\t\t\t<div class=\"e-con-inner\">\n\t\t\t\t<div class=\"elementor-element elementor-element-d7972ac elementor-widget elementor-widget-image\" data-id=\"d7972ac\" data-element_type=\"widget\" data-widget_type=\"image.default\">\n\t\t\t\t<div class=\"elementor-widget-container\">\n\t\t\t\t\t\t\t\t\t\t\t\t\t\t\t<img loading=\"lazy\" decoding=\"async\" width=\"300\" height=\"200\" src=\"https:\/\/www.msutil.com\/wp-content\/uploads\/2025\/06\/CV-300x200.png\" class=\"attachment-medium size-medium wp-image-214\" alt=\"\" srcset=\"https:\/\/www.msutil.com\/wp-content\/uploads\/2025\/06\/CV-300x200.png 300w, https:\/\/www.msutil.com\/wp-content\/uploads\/2025\/06\/CV-1024x683.png 1024w, https:\/\/www.msutil.com\/wp-content\/uploads\/2025\/06\/CV-768x512.png 768w, https:\/\/www.msutil.com\/wp-content\/uploads\/2025\/06\/CV.png 1536w\" sizes=\"(max-width: 300px) 100vw, 300px\" \/>\t\t\t\t\t\t\t\t\t\t\t\t\t\t\t<\/div>\n\t\t\t\t<\/div>\n\t\t\t\t\t<\/div>\n\t\t\t\t<\/div>\n\t\t\t\t<\/div>\n\t\t","protected":false},"excerpt":{"rendered":"<p>Tengo experiencia\u00a0en procesos de licitaci\u00f3n para la Administraci\u00f3n P\u00fablica con m\u00e1s de 4\u00a0a\u00f1os de experiencia gestionando proyectos de suministro de equipos inform\u00e1ticos, tecnol\u00f3gicos y soluciones audiovisuales para organismos de gran relevancia como el Ministerio de Defensa, educaci\u00f3n,\u00a0gobiernos auton\u00f3micos y diversas consejer\u00edas. A lo largo de mi trayectoria, he participado activamente en acuerdos marco (AM02, AM10, [&hellip;]<\/p>\n","protected":false},"author":1,"featured_media":46,"parent":0,"menu_order":0,"comment_status":"closed","ping_status":"closed","template":"","meta":{"_ti_tpc_template_sync":false,"_ti_tpc_template_id":"","footnotes":""},"class_list":["post-112","page","type-page","status-publish","has-post-thumbnail","hentry"],"_links":{"self":[{"href":"https:\/\/www.msutil.com\/index.php\/wp-json\/wp\/v2\/pages\/112","targetHints":{"allow":["GET"]}}],"collection":[{"href":"https:\/\/www.msutil.com\/index.php\/wp-json\/wp\/v2\/pages"}],"about":[{"href":"https:\/\/www.msutil.com\/index.php\/wp-json\/wp\/v2\/types\/page"}],"author":[{"embeddable":true,"href":"https:\/\/www.msutil.com\/index.php\/wp-json\/wp\/v2\/users\/1"}],"replies":[{"embeddable":true,"href":"https:\/\/www.msutil.com\/index.php\/wp-json\/wp\/v2\/comments?post=112"}],"version-history":[{"count":10,"href":"https:\/\/www.msutil.com\/index.php\/wp-json\/wp\/v2\/pages\/112\/revisions"}],"predecessor-version":[{"id":325,"href":"https:\/\/www.msutil.com\/index.php\/wp-json\/wp\/v2\/pages\/112\/revisions\/325"}],"wp:featuredmedia":[{"embeddable":true,"href":"https:\/\/www.msutil.com\/index.php\/wp-json\/wp\/v2\/media\/46"}],"wp:attachment":[{"href":"https:\/\/www.msutil.com\/index.php\/wp-json\/wp\/v2\/media?parent=112"}],"curies":[{"name":"wp","href":"https:\/\/api.w.org\/{rel}","templated":true}]}}