{"id":31,"date":"2024-09-06T12:34:18","date_gmt":"2024-09-06T12:34:18","guid":{"rendered":"https:\/\/www.msutil.com\/?page_id=31"},"modified":"2025-06-12T11:05:44","modified_gmt":"2025-06-12T11:05:44","slug":"inicio","status":"publish","type":"page","link":"https:\/\/www.msutil.com\/","title":{"rendered":""},"content":{"rendered":"\t\t<div data-elementor-type=\"wp-page\" data-elementor-id=\"31\" class=\"elementor elementor-31\">\n\t\t\t\t<div class=\"elementor-element elementor-element-32ac894e e-flex e-con-boxed e-con e-parent\" data-id=\"32ac894e\" data-element_type=\"container\" data-settings=\"{&quot;background_background&quot;:&quot;gradient&quot;}\">\n\t\t\t\t\t<div class=\"e-con-inner\">\n\t\t<div class=\"elementor-element elementor-element-cc4fd97 e-con-full e-flex e-con e-child\" data-id=\"cc4fd97\" data-element_type=\"container\" data-settings=\"{&quot;background_background&quot;:&quot;classic&quot;}\">\n\t\t<div class=\"elementor-element elementor-element-cbcb68c e-grid e-con-full e-con e-child\" data-id=\"cbcb68c\" data-element_type=\"container\">\n\t\t\t\t<div class=\"elementor-element elementor-element-f232790 elementor-widget elementor-widget-text-editor\" data-id=\"f232790\" data-element_type=\"widget\" data-widget_type=\"text-editor.default\">\n\t\t\t\t<div class=\"elementor-widget-container\">\n\t\t\t\t\t\t\t\t\t<div style=\"background-color: #f7f9fc; border-left: 5px solid #007bff; padding: 20px; border-radius: 8px; font-family: 'Segoe UI', sans-serif; font-size: 16px; color: #333;\"><p style=\"margin: 0;\">Con amplia experiencia en procesos de licitaci\u00f3n para la Administraci\u00f3n P\u00fablica de Espa\u00f1a, incluyendo organismos como el Ministerio de Defensa, ayuntamientos y otros, participando en acuerdos marco (AM02, AM10 y AM12) para la venta y suministro de equipos inform\u00e1ticos, audiovisuales, c\u00e1maras PTZ, software diverso y m\u00e1s.<\/p><p style=\"margin: 1em 0 0 0;\">Destaco en la gesti\u00f3n integral de proyectos, desde la preparaci\u00f3n de ofertas hasta la entrega final y cierre de contratos, asegurando el cumplimiento de plazos y objetivos.<\/p><p style=\"margin: 1em 0 0 0;\">Asimismo, poseo s\u00f3lida formaci\u00f3n en sistemas microinform\u00e1ticos, redes, educaci\u00f3n virtual y marketing digital, con dominio de sistemas de gesti\u00f3n de contenidos (WordPress) y plataformas de formaci\u00f3n en l\u00ednea (Moodle).<\/p><\/div>\t\t\t\t\t\t\t\t<\/div>\n\t\t\t\t<\/div>\n\t\t\t\t<div class=\"elementor-element elementor-element-26c74c0 elementor-widget elementor-widget-image\" data-id=\"26c74c0\" data-element_type=\"widget\" data-widget_type=\"image.default\">\n\t\t\t\t<div class=\"elementor-widget-container\">\n\t\t\t\t\t\t\t\t\t\t\t\t\t\t\t<img fetchpriority=\"high\" decoding=\"async\" width=\"266\" height=\"258\" src=\"https:\/\/www.msutil.com\/wp-content\/uploads\/2025\/01\/Captura-removebg-preview.png\" class=\"attachment-medium size-medium wp-image-73\" alt=\"\" \/>\t\t\t\t\t\t\t\t\t\t\t\t\t\t\t<\/div>\n\t\t\t\t<\/div>\n\t\t\t\t<\/div>\n\t\t\t\t<\/div>\n\t\t\t\t<div class=\"elementor-element elementor-element-1c0ceac elementor-widget-divider--view-line elementor-widget elementor-widget-divider\" data-id=\"1c0ceac\" data-element_type=\"widget\" data-widget_type=\"divider.default\">\n\t\t\t\t<div class=\"elementor-widget-container\">\n\t\t\t\t\t\t\t<div class=\"elementor-divider\">\n\t\t\t<span class=\"elementor-divider-separator\">\n\t\t\t\t\t\t<\/span>\n\t\t<\/div>\n\t\t\t\t\t\t<\/div>\n\t\t\t\t<\/div>\n\t\t<div class=\"elementor-element elementor-element-9efcc58 e-con-full e-flex e-con e-child\" data-id=\"9efcc58\" data-element_type=\"container\">\n\t\t\t\t<div class=\"elementor-element elementor-element-b1c77c0 elementor-widget elementor-widget-image\" data-id=\"b1c77c0\" data-element_type=\"widget\" data-widget_type=\"image.default\">\n\t\t\t\t<div class=\"elementor-widget-container\">\n\t\t\t\t\t\t\t\t\t\t\t\t\t\t\t<img decoding=\"async\" width=\"300\" height=\"200\" src=\"https:\/\/www.msutil.com\/wp-content\/uploads\/2025\/06\/A_flat-style_digital_vector_illustration_features__transparent-300x200.png\" class=\"attachment-medium size-medium wp-image-156\" alt=\"\" srcset=\"https:\/\/www.msutil.com\/wp-content\/uploads\/2025\/06\/A_flat-style_digital_vector_illustration_features__transparent-300x200.png 300w, https:\/\/www.msutil.com\/wp-content\/uploads\/2025\/06\/A_flat-style_digital_vector_illustration_features__transparent-1024x683.png 1024w, https:\/\/www.msutil.com\/wp-content\/uploads\/2025\/06\/A_flat-style_digital_vector_illustration_features__transparent-768x512.png 768w, https:\/\/www.msutil.com\/wp-content\/uploads\/2025\/06\/A_flat-style_digital_vector_illustration_features__transparent.png 1536w\" sizes=\"(max-width: 300px) 100vw, 300px\" \/>\t\t\t\t\t\t\t\t\t\t\t\t\t\t\t<\/div>\n\t\t\t\t<\/div>\n\t\t\t\t<\/div>\n\t\t\t\t\t<\/div>\n\t\t\t\t<\/div>\n\t\t<div class=\"elementor-element elementor-element-a764c11 e-grid e-con-boxed e-con e-parent\" data-id=\"a764c11\" data-element_type=\"container\">\n\t\t\t\t\t<div class=\"e-con-inner\">\n\t\t\t\t<div class=\"elementor-element elementor-element-51e6463 elementor-widget elementor-widget-image\" data-id=\"51e6463\" data-element_type=\"widget\" data-widget_type=\"image.default\">\n\t\t\t\t<div class=\"elementor-widget-container\">\n\t\t\t\t\t\t\t\t\t\t\t\t\t\t\t<img decoding=\"async\" width=\"768\" height=\"768\" src=\"https:\/\/www.msutil.com\/wp-content\/uploads\/2025\/06\/A_flat-style_digital_illustration_features_a__Comm_transparent-768x768.png\" class=\"attachment-medium_large size-medium_large wp-image-159\" alt=\"\" srcset=\"https:\/\/www.msutil.com\/wp-content\/uploads\/2025\/06\/A_flat-style_digital_illustration_features_a__Comm_transparent-768x768.png 768w, https:\/\/www.msutil.com\/wp-content\/uploads\/2025\/06\/A_flat-style_digital_illustration_features_a__Comm_transparent-300x300.png 300w, https:\/\/www.msutil.com\/wp-content\/uploads\/2025\/06\/A_flat-style_digital_illustration_features_a__Comm_transparent-150x150.png 150w, https:\/\/www.msutil.com\/wp-content\/uploads\/2025\/06\/A_flat-style_digital_illustration_features_a__Comm_transparent.png 1024w\" sizes=\"(max-width: 768px) 100vw, 768px\" \/>\t\t\t\t\t\t\t\t\t\t\t\t\t\t\t<\/div>\n\t\t\t\t<\/div>\n\t\t\t\t<div class=\"elementor-element elementor-element-a714c17 elementor-widget elementor-widget-image\" data-id=\"a714c17\" data-element_type=\"widget\" data-widget_type=\"image.default\">\n\t\t\t\t<div class=\"elementor-widget-container\">\n\t\t\t\t\t\t\t\t\t\t\t\t\t\t\t<img loading=\"lazy\" decoding=\"async\" width=\"768\" height=\"768\" src=\"https:\/\/www.msutil.com\/wp-content\/uploads\/2025\/06\/A_flat-design_illustration_represents_the_role_of__transparent-768x768.png\" class=\"attachment-medium_large size-medium_large wp-image-157\" alt=\"\" srcset=\"https:\/\/www.msutil.com\/wp-content\/uploads\/2025\/06\/A_flat-design_illustration_represents_the_role_of__transparent-768x768.png 768w, https:\/\/www.msutil.com\/wp-content\/uploads\/2025\/06\/A_flat-design_illustration_represents_the_role_of__transparent-300x300.png 300w, https:\/\/www.msutil.com\/wp-content\/uploads\/2025\/06\/A_flat-design_illustration_represents_the_role_of__transparent-150x150.png 150w, https:\/\/www.msutil.com\/wp-content\/uploads\/2025\/06\/A_flat-design_illustration_represents_the_role_of__transparent.png 1024w\" sizes=\"(max-width: 768px) 100vw, 768px\" \/>\t\t\t\t\t\t\t\t\t\t\t\t\t\t\t<\/div>\n\t\t\t\t<\/div>\n\t\t\t\t<div class=\"elementor-element elementor-element-fee7647 elementor-widget elementor-widget-image\" data-id=\"fee7647\" data-element_type=\"widget\" data-widget_type=\"image.default\">\n\t\t\t\t<div class=\"elementor-widget-container\">\n\t\t\t\t\t\t\t\t\t\t\t\t\t\t\t<img loading=\"lazy\" decoding=\"async\" width=\"768\" height=\"768\" src=\"https:\/\/www.msutil.com\/wp-content\/uploads\/2025\/06\/A_flat-style_digital_illustration_serves_as_an_ico_transparent-768x768.png\" class=\"attachment-medium_large size-medium_large wp-image-158\" alt=\"\" srcset=\"https:\/\/www.msutil.com\/wp-content\/uploads\/2025\/06\/A_flat-style_digital_illustration_serves_as_an_ico_transparent-768x768.png 768w, https:\/\/www.msutil.com\/wp-content\/uploads\/2025\/06\/A_flat-style_digital_illustration_serves_as_an_ico_transparent-300x300.png 300w, https:\/\/www.msutil.com\/wp-content\/uploads\/2025\/06\/A_flat-style_digital_illustration_serves_as_an_ico_transparent-150x150.png 150w, https:\/\/www.msutil.com\/wp-content\/uploads\/2025\/06\/A_flat-style_digital_illustration_serves_as_an_ico_transparent.png 1024w\" sizes=\"(max-width: 768px) 100vw, 768px\" \/>\t\t\t\t\t\t\t\t\t\t\t\t\t\t\t<\/div>\n\t\t\t\t<\/div>\n\t\t\t\t\t<\/div>\n\t\t\t\t<\/div>\n\t\t\t\t<\/div>\n\t\t","protected":false},"excerpt":{"rendered":"<p>Con amplia experiencia en procesos de licitaci\u00f3n para la Administraci\u00f3n P\u00fablica de Espa\u00f1a, incluyendo organismos como el Ministerio de Defensa, ayuntamientos y otros, participando en acuerdos marco (AM02, AM10 y AM12) para la venta y suministro de equipos inform\u00e1ticos, audiovisuales, c\u00e1maras PTZ, software diverso y m\u00e1s. Destaco en la gesti\u00f3n integral de proyectos, desde la [&hellip;]<\/p>\n","protected":false},"author":1,"featured_media":54,"parent":0,"menu_order":0,"comment_status":"closed","ping_status":"closed","template":"","meta":{"_ti_tpc_template_sync":false,"_ti_tpc_template_id":"","footnotes":""},"class_list":["post-31","page","type-page","status-publish","has-post-thumbnail","hentry"],"_links":{"self":[{"href":"https:\/\/www.msutil.com\/index.php\/wp-json\/wp\/v2\/pages\/31","targetHints":{"allow":["GET"]}}],"collection":[{"href":"https:\/\/www.msutil.com\/index.php\/wp-json\/wp\/v2\/pages"}],"about":[{"href":"https:\/\/www.msutil.com\/index.php\/wp-json\/wp\/v2\/types\/page"}],"author":[{"embeddable":true,"href":"https:\/\/www.msutil.com\/index.php\/wp-json\/wp\/v2\/users\/1"}],"replies":[{"embeddable":true,"href":"https:\/\/www.msutil.com\/index.php\/wp-json\/wp\/v2\/comments?post=31"}],"version-history":[{"count":10,"href":"https:\/\/www.msutil.com\/index.php\/wp-json\/wp\/v2\/pages\/31\/revisions"}],"predecessor-version":[{"id":186,"href":"https:\/\/www.msutil.com\/index.php\/wp-json\/wp\/v2\/pages\/31\/revisions\/186"}],"wp:featuredmedia":[{"embeddable":true,"href":"https:\/\/www.msutil.com\/index.php\/wp-json\/wp\/v2\/media\/54"}],"wp:attachment":[{"href":"https:\/\/www.msutil.com\/index.php\/wp-json\/wp\/v2\/media?parent=31"}],"curies":[{"name":"wp","href":"https:\/\/api.w.org\/{rel}","templated":true}]}}